{"id":1951,"date":"2020-12-12T15:16:37","date_gmt":"2021-07-25T21:05:00","guid":{"rendered":"https:\/\/testpm.naturka.ee\/product\/mango-super-maitsev\/"},"modified":"2023-11-28T00:01:02","modified_gmt":"2023-11-27T22:01:02","slug":"mango-super-maitsev","status":"publish","type":"product","link":"https:\/\/testpm.naturka.ee\/fi\/tuote\/mango-super-maitsev\/","title":{"rendered":"Mango (SUPERMAUKAS)"},"content":{"rendered":"<section id=\"content\">\n<div class=\"flex itemBox\">\n<div class=\"itemCol_right\">\n<div class=\"description\">store in a cool dry place. avoid moisture<\/div>\n<\/div>\n<\/div>\n<\/section>\n","protected":false},"excerpt":{"rendered":"<p>Mangomme on maukasta eik\u00e4 se muistuta muita makeisia. Se on jo suosittu tuote tuhansien vieraidemme seassa. Sokeripitoisuudeltaan v\u00e4h\u00e4iset isot mangot eiv\u00e4t ole viel\u00e4 j\u00e4tt\u00e4neet ket\u00e4\u00e4n v\u00e4linpit\u00e4m\u00e4tt\u00f6m\u00e4ksi.<\/p>\n","protected":false},"featured_media":3591,"template":"","meta":{"inline_featured_image":false},"product_cat":[161,162],"product_tag":[],"supplier_id":null,"supplier_sku":"","barcode":null,"atum_controlled":true,"out_stock_date":"2024-01-29 15:04:57","out_stock_threshold":null,"inheritable":false,"inbound_stock":0,"stock_on_hold":3,"sold_today":0,"sales_last_days":0,"reserved_stock":0,"customer_returns":0,"warehouse_damage":0,"lost_in_post":0,"other_logs":0,"out_stock_days":796,"lost_sales":0,"has_location":false,"update_date":"2026-04-05T01:29:29","atum_locations":[],"atum_stock_status":"outofstock","restock_status":false,"low_stock_amount":"","sales_update_date":"2026-04-05T01:29:29","calc_backorders":null,"yoast_head":"<!-- This site is optimized with the Yoast SEO plugin v21.5 - https:\/\/yoast.com\/wordpress\/plugins\/seo\/ -->\n<title>Mango (SUPERMAUKAS) - Naturka<\/title>\n<meta name=\"robots\" content=\"index, follow, max-snippet:-1, max-image-preview:large, max-video-preview:-1\" \/>\n<link rel=\"canonical\" href=\"https:\/\/testpm.naturka.ee\/fi\/tuote\/mango-super-maitsev\/\" \/>\n<meta property=\"og:locale\" content=\"fi_FI\" \/>\n<meta property=\"og:type\" content=\"article\" \/>\n<meta property=\"og:title\" content=\"Mango (SUPERMAUKAS) - Naturka\" \/>\n<meta property=\"og:description\" content=\"Mangomme on maukasta eik\u00e4 se muistuta muita makeisia. Se on jo suosittu tuote tuhansien vieraidemme seassa. Sokeripitoisuudeltaan v\u00e4h\u00e4iset isot mangot eiv\u00e4t ole viel\u00e4 j\u00e4tt\u00e4neet ket\u00e4\u00e4n v\u00e4linpit\u00e4m\u00e4tt\u00f6m\u00e4ksi.\" \/>\n<meta property=\"og:url\" content=\"https:\/\/testpm.naturka.ee\/fi\/tuote\/mango-super-maitsev\/\" \/>\n<meta property=\"og:site_name\" content=\"Naturka\" \/>\n<meta property=\"article:modified_time\" content=\"2023-11-27T22:01:02+00:00\" \/>\n<meta property=\"og:image\" content=\"https:\/\/testpm.naturka.ee\/wp-content\/uploads\/2020\/12\/mango2@1x-2.png\" \/>\n\t<meta property=\"og:image:width\" content=\"2560\" \/>\n\t<meta property=\"og:image:height\" content=\"1709\" \/>\n\t<meta property=\"og:image:type\" content=\"image\/png\" \/>\n<meta name=\"twitter:card\" content=\"summary_large_image\" \/>\n<script type=\"application\/ld+json\" class=\"yoast-schema-graph\">{\"@context\":\"https:\/\/schema.org\",\"@graph\":[{\"@type\":\"WebPage\",\"@id\":\"https:\/\/testpm.naturka.ee\/fi\/tuote\/mango-super-maitsev\/\",\"url\":\"https:\/\/testpm.naturka.ee\/fi\/tuote\/mango-super-maitsev\/\",\"name\":\"Mango (SUPERMAUKAS) - Naturka\",\"isPartOf\":{\"@id\":\"https:\/\/naturka.ee\/#website\"},\"datePublished\":\"2021-07-25T21:05:00+00:00\",\"dateModified\":\"2023-11-27T22:01:02+00:00\",\"breadcrumb\":{\"@id\":\"https:\/\/testpm.naturka.ee\/fi\/tuote\/mango-super-maitsev\/#breadcrumb\"},\"inLanguage\":\"fi\",\"potentialAction\":[{\"@type\":\"ReadAction\",\"target\":[\"https:\/\/testpm.naturka.ee\/fi\/tuote\/mango-super-maitsev\/\"]}]},{\"@type\":\"BreadcrumbList\",\"@id\":\"https:\/\/testpm.naturka.ee\/fi\/tuote\/mango-super-maitsev\/#breadcrumb\",\"itemListElement\":[{\"@type\":\"ListItem\",\"position\":1,\"name\":\"Home\",\"item\":\"https:\/\/naturka.ee\/fi\/home\/\"},{\"@type\":\"ListItem\",\"position\":2,\"name\":\"Kauppa\",\"item\":\"https:\/\/naturka.ee\/fi\/kauppa\/\"},{\"@type\":\"ListItem\",\"position\":3,\"name\":\"Mango (SUPERMAUKAS)\"}]},{\"@type\":\"WebSite\",\"@id\":\"https:\/\/naturka.ee\/#website\",\"url\":\"https:\/\/naturka.ee\/\",\"name\":\"Naturka\",\"description\":\"\",\"potentialAction\":[{\"@type\":\"SearchAction\",\"target\":{\"@type\":\"EntryPoint\",\"urlTemplate\":\"https:\/\/naturka.ee\/?s={search_term_string}\"},\"query-input\":\"required name=search_term_string\"}],\"inLanguage\":\"fi\"}]}<\/script>\n<!-- \/ Yoast SEO plugin. -->","yoast_head_json":{"title":"Mango (SUPERMAUKAS) - Naturka","robots":{"index":"index","follow":"follow","max-snippet":"max-snippet:-1","max-image-preview":"max-image-preview:large","max-video-preview":"max-video-preview:-1"},"canonical":"https:\/\/testpm.naturka.ee\/fi\/tuote\/mango-super-maitsev\/","og_locale":"fi_FI","og_type":"article","og_title":"Mango (SUPERMAUKAS) - Naturka","og_description":"Mangomme on maukasta eik\u00e4 se muistuta muita makeisia. Se on jo suosittu tuote tuhansien vieraidemme seassa. Sokeripitoisuudeltaan v\u00e4h\u00e4iset isot mangot eiv\u00e4t ole viel\u00e4 j\u00e4tt\u00e4neet ket\u00e4\u00e4n v\u00e4linpit\u00e4m\u00e4tt\u00f6m\u00e4ksi.","og_url":"https:\/\/testpm.naturka.ee\/fi\/tuote\/mango-super-maitsev\/","og_site_name":"Naturka","article_modified_time":"2023-11-27T22:01:02+00:00","og_image":[{"width":2560,"height":1709,"url":"https:\/\/testpm.naturka.ee\/wp-content\/uploads\/2020\/12\/mango2@1x-2.png","type":"image\/png"}],"twitter_card":"summary_large_image","schema":{"@context":"https:\/\/schema.org","@graph":[{"@type":"WebPage","@id":"https:\/\/testpm.naturka.ee\/fi\/tuote\/mango-super-maitsev\/","url":"https:\/\/testpm.naturka.ee\/fi\/tuote\/mango-super-maitsev\/","name":"Mango (SUPERMAUKAS) - Naturka","isPartOf":{"@id":"https:\/\/naturka.ee\/#website"},"datePublished":"2021-07-25T21:05:00+00:00","dateModified":"2023-11-27T22:01:02+00:00","breadcrumb":{"@id":"https:\/\/testpm.naturka.ee\/fi\/tuote\/mango-super-maitsev\/#breadcrumb"},"inLanguage":"fi","potentialAction":[{"@type":"ReadAction","target":["https:\/\/testpm.naturka.ee\/fi\/tuote\/mango-super-maitsev\/"]}]},{"@type":"BreadcrumbList","@id":"https:\/\/testpm.naturka.ee\/fi\/tuote\/mango-super-maitsev\/#breadcrumb","itemListElement":[{"@type":"ListItem","position":1,"name":"Home","item":"https:\/\/naturka.ee\/fi\/home\/"},{"@type":"ListItem","position":2,"name":"Kauppa","item":"https:\/\/naturka.ee\/fi\/kauppa\/"},{"@type":"ListItem","position":3,"name":"Mango (SUPERMAUKAS)"}]},{"@type":"WebSite","@id":"https:\/\/naturka.ee\/#website","url":"https:\/\/naturka.ee\/","name":"Naturka","description":"","potentialAction":[{"@type":"SearchAction","target":{"@type":"EntryPoint","urlTemplate":"https:\/\/naturka.ee\/?s={search_term_string}"},"query-input":"required name=search_term_string"}],"inLanguage":"fi"}]}},"_links":{"self":[{"href":"https:\/\/testpm.naturka.ee\/fi\/wp-json\/wp\/v2\/product\/1951"}],"collection":[{"href":"https:\/\/testpm.naturka.ee\/fi\/wp-json\/wp\/v2\/product"}],"about":[{"href":"https:\/\/testpm.naturka.ee\/fi\/wp-json\/wp\/v2\/types\/product"}],"wp:featuredmedia":[{"embeddable":true,"href":"https:\/\/testpm.naturka.ee\/fi\/wp-json\/wp\/v2\/media\/3591"}],"wp:attachment":[{"href":"https:\/\/testpm.naturka.ee\/fi\/wp-json\/wp\/v2\/media?parent=1951"}],"wp:term":[{"taxonomy":"product_cat","embeddable":true,"href":"https:\/\/testpm.naturka.ee\/fi\/wp-json\/wp\/v2\/product_cat?post=1951"},{"taxonomy":"product_tag","embeddable":true,"href":"https:\/\/testpm.naturka.ee\/fi\/wp-json\/wp\/v2\/product_tag?post=1951"}],"curies":[{"name":"wp","href":"https:\/\/api.w.org\/{rel}","templated":true}]}}