{"id":1922,"date":"2021-01-15T11:23:55","date_gmt":"2021-07-25T20:25:39","guid":{"rendered":"https:\/\/testpm.naturka.ee\/product\/ploom-hapu\/"},"modified":"2023-12-19T19:23:09","modified_gmt":"2023-12-19T17:23:09","slug":"ploom-hapu","status":"publish","type":"product","link":"https:\/\/testpm.naturka.ee\/fi\/tuote\/ploom-hapu\/","title":{"rendered":"Luumu (Hapan)"},"content":{"rendered":"","protected":false},"excerpt":{"rendered":"<p class=\"p1\">Armenian tuotteet ovat erilaisia kuivattuja hedelmi\u00e4. Niit\u00e4 voidaan kutsua maailman parhaiksi, koska ne eiv\u00e4t ole samanlaisia kuin muut maailman hedelm\u00e4t tuoreina tai kuivattuina. Makua ei voi selitt\u00e4\u00e4 sanoilla. Ei lis\u00e4tty\u00e4 sokeria.<\/p>\n","protected":false},"featured_media":4499,"template":"","meta":{"inline_featured_image":false},"product_cat":[161,162,163],"product_tag":[],"supplier_id":null,"supplier_sku":"","barcode":null,"atum_controlled":true,"out_stock_date":"2024-01-29 15:05:12","out_stock_threshold":null,"inheritable":false,"inbound_stock":0,"stock_on_hold":0,"sold_today":0,"sales_last_days":0,"reserved_stock":0,"customer_returns":0,"warehouse_damage":0,"lost_in_post":0,"other_logs":0,"out_stock_days":796,"lost_sales":0,"has_location":false,"update_date":"2026-04-05T01:30:14","atum_locations":[],"atum_stock_status":"outofstock","restock_status":false,"low_stock_amount":"","sales_update_date":"2026-04-05T01:30:13","calc_backorders":null,"yoast_head":"<!-- This site is optimized with the Yoast SEO plugin v21.5 - https:\/\/yoast.com\/wordpress\/plugins\/seo\/ -->\n<title>Luumu (Hapan) - Naturka<\/title>\n<meta name=\"robots\" content=\"index, follow, max-snippet:-1, max-image-preview:large, max-video-preview:-1\" \/>\n<link rel=\"canonical\" href=\"https:\/\/testpm.naturka.ee\/fi\/tuote\/ploom-hapu\/\" \/>\n<meta property=\"og:locale\" content=\"fi_FI\" \/>\n<meta property=\"og:type\" content=\"article\" \/>\n<meta property=\"og:title\" content=\"Luumu (Hapan) - Naturka\" \/>\n<meta property=\"og:description\" content=\"Armenian tuotteet ovat erilaisia kuivattuja hedelmi\u00e4. Niit\u00e4 voidaan kutsua maailman parhaiksi, koska ne eiv\u00e4t ole samanlaisia kuin muut maailman hedelm\u00e4t tuoreina tai kuivattuina. Makua ei voi selitt\u00e4\u00e4 sanoilla. Ei lis\u00e4tty\u00e4 sokeria.\" \/>\n<meta property=\"og:url\" content=\"https:\/\/testpm.naturka.ee\/fi\/tuote\/ploom-hapu\/\" \/>\n<meta property=\"og:site_name\" content=\"Naturka\" \/>\n<meta property=\"article:modified_time\" content=\"2023-12-19T17:23:09+00:00\" \/>\n<meta property=\"og:image\" content=\"https:\/\/testpm.naturka.ee\/wp-content\/uploads\/2021\/01\/5.-Plum.jpg\" \/>\n\t<meta property=\"og:image:width\" content=\"7952\" \/>\n\t<meta property=\"og:image:height\" content=\"5304\" \/>\n\t<meta property=\"og:image:type\" content=\"image\/jpeg\" \/>\n<meta name=\"twitter:card\" content=\"summary_large_image\" \/>\n<script type=\"application\/ld+json\" class=\"yoast-schema-graph\">{\"@context\":\"https:\/\/schema.org\",\"@graph\":[{\"@type\":\"WebPage\",\"@id\":\"https:\/\/testpm.naturka.ee\/fi\/tuote\/ploom-hapu\/\",\"url\":\"https:\/\/testpm.naturka.ee\/fi\/tuote\/ploom-hapu\/\",\"name\":\"Luumu (Hapan) - Naturka\",\"isPartOf\":{\"@id\":\"https:\/\/naturka.ee\/#website\"},\"datePublished\":\"2021-07-25T20:25:39+00:00\",\"dateModified\":\"2023-12-19T17:23:09+00:00\",\"breadcrumb\":{\"@id\":\"https:\/\/testpm.naturka.ee\/fi\/tuote\/ploom-hapu\/#breadcrumb\"},\"inLanguage\":\"fi\",\"potentialAction\":[{\"@type\":\"ReadAction\",\"target\":[\"https:\/\/testpm.naturka.ee\/fi\/tuote\/ploom-hapu\/\"]}]},{\"@type\":\"BreadcrumbList\",\"@id\":\"https:\/\/testpm.naturka.ee\/fi\/tuote\/ploom-hapu\/#breadcrumb\",\"itemListElement\":[{\"@type\":\"ListItem\",\"position\":1,\"name\":\"Home\",\"item\":\"https:\/\/naturka.ee\/fi\/home\/\"},{\"@type\":\"ListItem\",\"position\":2,\"name\":\"Kauppa\",\"item\":\"https:\/\/naturka.ee\/fi\/kauppa\/\"},{\"@type\":\"ListItem\",\"position\":3,\"name\":\"Luumu (Hapan)\"}]},{\"@type\":\"WebSite\",\"@id\":\"https:\/\/naturka.ee\/#website\",\"url\":\"https:\/\/naturka.ee\/\",\"name\":\"Naturka\",\"description\":\"\",\"potentialAction\":[{\"@type\":\"SearchAction\",\"target\":{\"@type\":\"EntryPoint\",\"urlTemplate\":\"https:\/\/naturka.ee\/?s={search_term_string}\"},\"query-input\":\"required name=search_term_string\"}],\"inLanguage\":\"fi\"}]}<\/script>\n<!-- \/ Yoast SEO plugin. -->","yoast_head_json":{"title":"Luumu (Hapan) - Naturka","robots":{"index":"index","follow":"follow","max-snippet":"max-snippet:-1","max-image-preview":"max-image-preview:large","max-video-preview":"max-video-preview:-1"},"canonical":"https:\/\/testpm.naturka.ee\/fi\/tuote\/ploom-hapu\/","og_locale":"fi_FI","og_type":"article","og_title":"Luumu (Hapan) - Naturka","og_description":"Armenian tuotteet ovat erilaisia kuivattuja hedelmi\u00e4. Niit\u00e4 voidaan kutsua maailman parhaiksi, koska ne eiv\u00e4t ole samanlaisia kuin muut maailman hedelm\u00e4t tuoreina tai kuivattuina. Makua ei voi selitt\u00e4\u00e4 sanoilla. Ei lis\u00e4tty\u00e4 sokeria.","og_url":"https:\/\/testpm.naturka.ee\/fi\/tuote\/ploom-hapu\/","og_site_name":"Naturka","article_modified_time":"2023-12-19T17:23:09+00:00","og_image":[{"width":7952,"height":5304,"url":"https:\/\/testpm.naturka.ee\/wp-content\/uploads\/2021\/01\/5.-Plum.jpg","type":"image\/jpeg"}],"twitter_card":"summary_large_image","schema":{"@context":"https:\/\/schema.org","@graph":[{"@type":"WebPage","@id":"https:\/\/testpm.naturka.ee\/fi\/tuote\/ploom-hapu\/","url":"https:\/\/testpm.naturka.ee\/fi\/tuote\/ploom-hapu\/","name":"Luumu (Hapan) - Naturka","isPartOf":{"@id":"https:\/\/naturka.ee\/#website"},"datePublished":"2021-07-25T20:25:39+00:00","dateModified":"2023-12-19T17:23:09+00:00","breadcrumb":{"@id":"https:\/\/testpm.naturka.ee\/fi\/tuote\/ploom-hapu\/#breadcrumb"},"inLanguage":"fi","potentialAction":[{"@type":"ReadAction","target":["https:\/\/testpm.naturka.ee\/fi\/tuote\/ploom-hapu\/"]}]},{"@type":"BreadcrumbList","@id":"https:\/\/testpm.naturka.ee\/fi\/tuote\/ploom-hapu\/#breadcrumb","itemListElement":[{"@type":"ListItem","position":1,"name":"Home","item":"https:\/\/naturka.ee\/fi\/home\/"},{"@type":"ListItem","position":2,"name":"Kauppa","item":"https:\/\/naturka.ee\/fi\/kauppa\/"},{"@type":"ListItem","position":3,"name":"Luumu (Hapan)"}]},{"@type":"WebSite","@id":"https:\/\/naturka.ee\/#website","url":"https:\/\/naturka.ee\/","name":"Naturka","description":"","potentialAction":[{"@type":"SearchAction","target":{"@type":"EntryPoint","urlTemplate":"https:\/\/naturka.ee\/?s={search_term_string}"},"query-input":"required name=search_term_string"}],"inLanguage":"fi"}]}},"_links":{"self":[{"href":"https:\/\/testpm.naturka.ee\/fi\/wp-json\/wp\/v2\/product\/1922"}],"collection":[{"href":"https:\/\/testpm.naturka.ee\/fi\/wp-json\/wp\/v2\/product"}],"about":[{"href":"https:\/\/testpm.naturka.ee\/fi\/wp-json\/wp\/v2\/types\/product"}],"wp:featuredmedia":[{"embeddable":true,"href":"https:\/\/testpm.naturka.ee\/fi\/wp-json\/wp\/v2\/media\/4499"}],"wp:attachment":[{"href":"https:\/\/testpm.naturka.ee\/fi\/wp-json\/wp\/v2\/media?parent=1922"}],"wp:term":[{"taxonomy":"product_cat","embeddable":true,"href":"https:\/\/testpm.naturka.ee\/fi\/wp-json\/wp\/v2\/product_cat?post=1922"},{"taxonomy":"product_tag","embeddable":true,"href":"https:\/\/testpm.naturka.ee\/fi\/wp-json\/wp\/v2\/product_tag?post=1922"}],"curies":[{"name":"wp","href":"https:\/\/api.w.org\/{rel}","templated":true}]}}