{"id":1896,"date":"2021-01-15T12:02:58","date_gmt":"2021-07-25T19:26:04","guid":{"rendered":"https:\/\/testpm.naturka.ee\/product\/pekanipahkel\/"},"modified":"2023-12-19T19:23:06","modified_gmt":"2023-12-19T17:23:06","slug":"pekanipahkel","status":"publish","type":"product","link":"https:\/\/testpm.naturka.ee\/fi\/tuote\/pekanipahkel\/","title":{"rendered":"Pekaanip\u00e4hkin\u00e4"},"content":{"rendered":"","protected":false},"excerpt":{"rendered":"<p class=\"p1\">Kokonaisia isoja pekaanip\u00e4hkin\u00f6it\u00e4<\/p>\n","protected":false},"featured_media":1791,"template":"","meta":{"inline_featured_image":false},"product_cat":[90],"product_tag":[],"supplier_id":null,"supplier_sku":"","barcode":null,"atum_controlled":true,"out_stock_date":"2024-01-29 15:05:04","out_stock_threshold":null,"inheritable":false,"inbound_stock":0,"stock_on_hold":1,"sold_today":0,"sales_last_days":0,"reserved_stock":0,"customer_returns":0,"warehouse_damage":0,"lost_in_post":0,"other_logs":0,"out_stock_days":794,"lost_sales":0,"has_location":false,"update_date":"2026-04-03T01:26:16","atum_locations":[],"atum_stock_status":"outofstock","restock_status":false,"low_stock_amount":"","sales_update_date":"2026-04-03T01:26:16","calc_backorders":null,"yoast_head":"<!-- This site is optimized with the Yoast SEO plugin v21.5 - https:\/\/yoast.com\/wordpress\/plugins\/seo\/ -->\n<title>Pekaanip\u00e4hkin\u00e4 - Naturka<\/title>\n<meta name=\"robots\" content=\"index, follow, max-snippet:-1, max-image-preview:large, max-video-preview:-1\" \/>\n<link rel=\"canonical\" href=\"https:\/\/testpm.naturka.ee\/fi\/tuote\/pekanipahkel\/\" \/>\n<meta property=\"og:locale\" content=\"fi_FI\" \/>\n<meta property=\"og:type\" content=\"article\" \/>\n<meta property=\"og:title\" content=\"Pekaanip\u00e4hkin\u00e4 - Naturka\" \/>\n<meta property=\"og:description\" content=\"Kokonaisia isoja pekaanip\u00e4hkin\u00f6it\u00e4\" \/>\n<meta property=\"og:url\" content=\"https:\/\/testpm.naturka.ee\/fi\/tuote\/pekanipahkel\/\" \/>\n<meta property=\"og:site_name\" content=\"Naturka\" \/>\n<meta property=\"article:modified_time\" content=\"2023-12-19T17:23:06+00:00\" \/>\n<meta property=\"og:image\" content=\"https:\/\/testpm.naturka.ee\/wp-content\/uploads\/2021\/01\/DSC_6888-scaled.jpg\" \/>\n\t<meta property=\"og:image:width\" content=\"2560\" \/>\n\t<meta property=\"og:image:height\" content=\"1709\" \/>\n\t<meta property=\"og:image:type\" content=\"image\/jpeg\" \/>\n<meta name=\"twitter:card\" content=\"summary_large_image\" \/>\n<script type=\"application\/ld+json\" class=\"yoast-schema-graph\">{\"@context\":\"https:\/\/schema.org\",\"@graph\":[{\"@type\":\"WebPage\",\"@id\":\"https:\/\/testpm.naturka.ee\/fi\/tuote\/pekanipahkel\/\",\"url\":\"https:\/\/testpm.naturka.ee\/fi\/tuote\/pekanipahkel\/\",\"name\":\"Pekaanip\u00e4hkin\u00e4 - Naturka\",\"isPartOf\":{\"@id\":\"https:\/\/naturka.ee\/#website\"},\"datePublished\":\"2021-07-25T19:26:04+00:00\",\"dateModified\":\"2023-12-19T17:23:06+00:00\",\"breadcrumb\":{\"@id\":\"https:\/\/testpm.naturka.ee\/fi\/tuote\/pekanipahkel\/#breadcrumb\"},\"inLanguage\":\"fi\",\"potentialAction\":[{\"@type\":\"ReadAction\",\"target\":[\"https:\/\/testpm.naturka.ee\/fi\/tuote\/pekanipahkel\/\"]}]},{\"@type\":\"BreadcrumbList\",\"@id\":\"https:\/\/testpm.naturka.ee\/fi\/tuote\/pekanipahkel\/#breadcrumb\",\"itemListElement\":[{\"@type\":\"ListItem\",\"position\":1,\"name\":\"Home\",\"item\":\"https:\/\/naturka.ee\/fi\/home\/\"},{\"@type\":\"ListItem\",\"position\":2,\"name\":\"Kauppa\",\"item\":\"https:\/\/naturka.ee\/fi\/kauppa\/\"},{\"@type\":\"ListItem\",\"position\":3,\"name\":\"Pekaanip\u00e4hkin\u00e4\"}]},{\"@type\":\"WebSite\",\"@id\":\"https:\/\/naturka.ee\/#website\",\"url\":\"https:\/\/naturka.ee\/\",\"name\":\"Naturka\",\"description\":\"\",\"potentialAction\":[{\"@type\":\"SearchAction\",\"target\":{\"@type\":\"EntryPoint\",\"urlTemplate\":\"https:\/\/naturka.ee\/?s={search_term_string}\"},\"query-input\":\"required name=search_term_string\"}],\"inLanguage\":\"fi\"}]}<\/script>\n<!-- \/ Yoast SEO plugin. -->","yoast_head_json":{"title":"Pekaanip\u00e4hkin\u00e4 - Naturka","robots":{"index":"index","follow":"follow","max-snippet":"max-snippet:-1","max-image-preview":"max-image-preview:large","max-video-preview":"max-video-preview:-1"},"canonical":"https:\/\/testpm.naturka.ee\/fi\/tuote\/pekanipahkel\/","og_locale":"fi_FI","og_type":"article","og_title":"Pekaanip\u00e4hkin\u00e4 - Naturka","og_description":"Kokonaisia isoja pekaanip\u00e4hkin\u00f6it\u00e4","og_url":"https:\/\/testpm.naturka.ee\/fi\/tuote\/pekanipahkel\/","og_site_name":"Naturka","article_modified_time":"2023-12-19T17:23:06+00:00","og_image":[{"width":2560,"height":1709,"url":"https:\/\/testpm.naturka.ee\/wp-content\/uploads\/2021\/01\/DSC_6888-scaled.jpg","type":"image\/jpeg"}],"twitter_card":"summary_large_image","schema":{"@context":"https:\/\/schema.org","@graph":[{"@type":"WebPage","@id":"https:\/\/testpm.naturka.ee\/fi\/tuote\/pekanipahkel\/","url":"https:\/\/testpm.naturka.ee\/fi\/tuote\/pekanipahkel\/","name":"Pekaanip\u00e4hkin\u00e4 - Naturka","isPartOf":{"@id":"https:\/\/naturka.ee\/#website"},"datePublished":"2021-07-25T19:26:04+00:00","dateModified":"2023-12-19T17:23:06+00:00","breadcrumb":{"@id":"https:\/\/testpm.naturka.ee\/fi\/tuote\/pekanipahkel\/#breadcrumb"},"inLanguage":"fi","potentialAction":[{"@type":"ReadAction","target":["https:\/\/testpm.naturka.ee\/fi\/tuote\/pekanipahkel\/"]}]},{"@type":"BreadcrumbList","@id":"https:\/\/testpm.naturka.ee\/fi\/tuote\/pekanipahkel\/#breadcrumb","itemListElement":[{"@type":"ListItem","position":1,"name":"Home","item":"https:\/\/naturka.ee\/fi\/home\/"},{"@type":"ListItem","position":2,"name":"Kauppa","item":"https:\/\/naturka.ee\/fi\/kauppa\/"},{"@type":"ListItem","position":3,"name":"Pekaanip\u00e4hkin\u00e4"}]},{"@type":"WebSite","@id":"https:\/\/naturka.ee\/#website","url":"https:\/\/naturka.ee\/","name":"Naturka","description":"","potentialAction":[{"@type":"SearchAction","target":{"@type":"EntryPoint","urlTemplate":"https:\/\/naturka.ee\/?s={search_term_string}"},"query-input":"required name=search_term_string"}],"inLanguage":"fi"}]}},"_links":{"self":[{"href":"https:\/\/testpm.naturka.ee\/fi\/wp-json\/wp\/v2\/product\/1896"}],"collection":[{"href":"https:\/\/testpm.naturka.ee\/fi\/wp-json\/wp\/v2\/product"}],"about":[{"href":"https:\/\/testpm.naturka.ee\/fi\/wp-json\/wp\/v2\/types\/product"}],"wp:featuredmedia":[{"embeddable":true,"href":"https:\/\/testpm.naturka.ee\/fi\/wp-json\/wp\/v2\/media\/1791"}],"wp:attachment":[{"href":"https:\/\/testpm.naturka.ee\/fi\/wp-json\/wp\/v2\/media?parent=1896"}],"wp:term":[{"taxonomy":"product_cat","embeddable":true,"href":"https:\/\/testpm.naturka.ee\/fi\/wp-json\/wp\/v2\/product_cat?post=1896"},{"taxonomy":"product_tag","embeddable":true,"href":"https:\/\/testpm.naturka.ee\/fi\/wp-json\/wp\/v2\/product_tag?post=1896"}],"curies":[{"name":"wp","href":"https:\/\/api.w.org\/{rel}","templated":true}]}}